{"id":971,"date":"2019-05-25T14:54:33","date_gmt":"2019-05-25T14:54:33","guid":{"rendered":"http:\/\/www.fondamas.cat\/?page_id=971"},"modified":"2019-06-17T17:18:27","modified_gmt":"2019-06-17T17:18:27","slug":"termes-i-condicions-del-sorteig","status":"publish","type":"page","link":"https:\/\/www.fondamas.cat\/?page_id=971","title":{"rendered":"CONCURS #FallesVilaller #Focalfaro"},"content":{"rendered":"\n<h2><em><strong>Termes i Condicions<\/strong><\/em><\/h2>\n\n\n\n<h2><strong>Per Participar<\/strong>:<\/h2>\n\n\n\n<ul><li><strong>Seguir alguna de les nostres p\u00e0gines de <a href=\"https:\/\/www.facebook.com\/fondamas\">Facebook<\/a>, <a href=\"https:\/\/www.instagram.com\/fondamas\/\">Instagram<\/a> o <a href=\"https:\/\/twitter.com\/FondaMas\">Twitter<\/a><\/strong><\/li><li><strong> Donar-li &#8220;M&#8217;agrada&#8221; a aquesta publicaci\u00f3<\/strong><\/li><li><strong> Esmentar a una persona amb la qual compartiries el PREMI<\/strong><\/li><li><strong> Participa abans del 21 juny 2019 a les 23:55h<\/strong><\/li><\/ul>\n\n\n\n<h2><strong>Data de concurs i sorteig:<\/strong><\/h2>\n\n\n\n<ul><li><strong><em>Data de participaci\u00f3<\/em>: Des del dilluns 17 juny fins el divendres 21 a les 23:55 h.<\/strong><\/li><li><strong><em>Sorteig<\/em>: dissabte 22 juny a les 19 h.<\/strong><\/li><li><strong>Anunci del GUANYADOR; dissabte 22 juny a les 20h.<\/strong><\/li><\/ul>\n\n\n\n<h2><strong>Condicions i \/ o restriccions:<\/strong><\/h2>\n\n\n\n<ul><li><strong>El PREMI \u00e9s una butlleta de 6\u20ac al n\u00ba 01676 sense n\u00ba de serie<\/strong><\/li><li><strong>Nom\u00e9s poden participar majors d&#8217;edat.<\/strong><\/li><li><strong>S&#8217;anunciar\u00e0 al GUANYADOR dins d&#8217;un comentari en la publicaci\u00f3 del CONCURS el mateix dia i en un post addicional: diumenge 23 juny a les 12h.<\/strong><\/li><li><strong>Un cop realitzat el sorteig, ens posarem en contacte amb el guanyador via missatge de Facebook per sol\u00b7licitar les seves dades i coordinar el lliurament del premi.<\/strong><\/li><li><strong>S&#8217;utilitzar\u00e0 el sistema <a href=\"https:\/\/www.fanpagekarma.com\/\">fanspage karma<\/a>, el qual escollir\u00e0 el GUANYADOR de forma aleat\u00f2ria de la base de dades amb la relaci\u00f3 de tots els participants que van complir amb els termes i condicions.<\/strong><\/li><li><strong>En cas de PREMI (1er Premi) tots els participants en aquest CONCURS rebran un VAL DESCOMPTE en el men\u00fa del nostre RESTAURANT.<\/strong><\/li><\/ul>\n\n\n\n<h4><a href=\"https:\/\/www.facebook.com\/fondamas\/posts\/3190590060954709\"><strong><em>https:\/\/www.facebook.com\/fondamas\/posts\/3190590060954709<\/em><\/strong><\/a> <\/h4>\n\n\n\n<p><\/p>\n","protected":false},"excerpt":{"rendered":"<p>Termes i Condicions Per Participar: Seguir alguna de les nostres p\u00e0gines de Facebook, Instagram o Twitter Donar-li &#8220;M&#8217;agrada&#8221; a aquesta publicaci\u00f3 Esmentar a una persona amb la qual compartiries el PREMI Participa abans del 21 juny 2019 a les 23:55h Data de concurs i sorteig: Data de participaci\u00f3: Des del dilluns 17 juny fins el [&hellip;]<\/p>\n","protected":false},"author":3,"featured_media":0,"parent":0,"menu_order":0,"comment_status":"closed","ping_status":"closed","template":"","meta":{"_mo_disable_npp":""},"_links":{"self":[{"href":"https:\/\/www.fondamas.cat\/index.php?rest_route=\/wp\/v2\/pages\/971"}],"collection":[{"href":"https:\/\/www.fondamas.cat\/index.php?rest_route=\/wp\/v2\/pages"}],"about":[{"href":"https:\/\/www.fondamas.cat\/index.php?rest_route=\/wp\/v2\/types\/page"}],"author":[{"embeddable":true,"href":"https:\/\/www.fondamas.cat\/index.php?rest_route=\/wp\/v2\/users\/3"}],"replies":[{"embeddable":true,"href":"https:\/\/www.fondamas.cat\/index.php?rest_route=%2Fwp%2Fv2%2Fcomments&post=971"}],"version-history":[{"count":14,"href":"https:\/\/www.fondamas.cat\/index.php?rest_route=\/wp\/v2\/pages\/971\/revisions"}],"predecessor-version":[{"id":994,"href":"https:\/\/www.fondamas.cat\/index.php?rest_route=\/wp\/v2\/pages\/971\/revisions\/994"}],"wp:attachment":[{"href":"https:\/\/www.fondamas.cat\/index.php?rest_route=%2Fwp%2Fv2%2Fmedia&parent=971"}],"curies":[{"name":"wp","href":"https:\/\/api.w.org\/{rel}","templated":true}]}}